{"id":1168,"date":"2017-06-11T16:38:47","date_gmt":"2017-06-11T16:38:47","guid":{"rendered":"http:\/\/nbwrites.com\/test8216\/?page_id=1168"},"modified":"2020-07-18T22:32:00","modified_gmt":"2020-07-18T22:32:00","slug":"pre-performance-lectures","status":"publish","type":"page","link":"https:\/\/nbwrites.com\/?page_id=1168","title":{"rendered":"Pre-Performance Lectures"},"content":{"rendered":"<p>[vc_row gap=&#8221;35&#8243; iron_row_type=&#8221;in_container&#8221; iron_remove_padding_medium=&#8221;&#8221; iron_remove_padding_small=&#8221;&#8221; iron_overlay_pattern=&#8221;&#8221; iron_parallax=&#8221;&#8221; iron_bg_video=&#8221;&#8221;][vc_column width=&#8221;2\/3&#8243;][vc_column_text]<\/p>\n<h2><strong>Pre-Show Lecture: <i>Ariadne auf Naxos\u00a0<\/i>by Richard Strauss<\/strong><\/h2>\n<p>Arizona Opera, Phoenix, AZ, USA<\/p>\n<ul>\n<li>Was to be presented as part of Arizona Opera&#8217;s community programming at the Kerr Cultural Center (March 25th, 2020 &#8211; Cancelled due to COVID-19)<\/li>\n<li>Was to be presented as part of Arizona Opera&#8217;s community programming at Sagewood Senior Living Community\u00a0(March 25th, 2020 &#8211; Cancelled due to COVID-19)<\/li>\n<li>Was to be presented as part of Arizona Opera&#8217;s pre-performance programming (April 3rd, 4th, 5th, 10th, and 11th, 2020 &#8211; Cancelled due to COVID-19)<\/li>\n<\/ul>\n<h2><\/h2>\n<p>&nbsp;<\/p>\n<h2><strong>Pre-Show Lecture:\u00a0<em>Silent Night<\/em> by Kevin Puts<\/strong><\/h2>\n<p>Arizona Opera, Phoenix, AZ, USA<\/p>\n<ul>\n<li>Presented as part of Arizona Opera&#8217;s programming for the\u00a0Osher Lifelong Learning Institute at Arizona State University (February 18th, 2019)<\/li>\n<li>Presented as part of Arizona Opera&#8217;s community programming at the Kerr Cultural Center (February 20th, 2019)<\/li>\n<li>Presented as part of Arizona Opera&#8217;s community programming at Sagewood Senior Living Community (February 21st, 2019)<\/li>\n<\/ul>\n<h2><\/h2>\n<p>&nbsp;<\/p>\n<h2><strong>Opera Outlooks:\u00a0<\/strong><strong>Pre-Performance Talks<\/strong><\/h2>\n<p>The Metropolitan Opera Guild, New York, NY, USA<strong>\u00a0 \u00a0 \u00a0<\/strong><\/p>\n<ul>\n<li>Forgiveness in Rome:\u00a0<em>La clemenza di Tito<\/em> (April 3, 2019)<\/li>\n<li><em>ll trittico:\u00a0<\/em>Opera&#8217;s Triple Bill (December 6, 2018)<\/li>\n<li>Love and Longing in <em>Rusalka\u00a0<\/em>(February 6, 2017)<\/li>\n<li>Of Troubadours, Knights,\u00a0and Courtly Love:\u00a0<em>L&#8217;Amour de Loin\u00a0<\/em>(December 6, 2016)<\/li>\n<li>Mozart and\u00a0<em>Die Entf\u00fchrung aus dem Serail\u00a0<\/em>(April 27, 2016)<\/li>\n<li>The Voices of\u00a0<em>Ernani<\/em> (March 26, 2015)<\/li>\n<li>Unlucky in Love: <em>Les Contes d\u2019Hoffmann<\/em> (February 5, 2015)<\/li>\n<li>Dream Girl: <em>La Sonnambula <\/em>(March 18, 2014)<\/li>\n<li>An Effervescent Baroque Blend: <em>The Enchanted Island\u00a0<\/em>(February 26,\u00a02014)<\/li>\n<\/ul>\n<p>&nbsp;<\/p>\n<h2><strong><br \/>\nThe Metropolitan Opera\u00a0<em>Live in HD\u00a0<\/em>Festival:<br \/>\n<\/strong><strong>Pre-Performance Lecture Series<br \/>\n<\/strong><\/h2>\n<p>The Metropolitan Opera Guild, New York, NY, USA<\/p>\n<ul>\n<li>Donizetti&#8217;s\u00a0<em>La fille du r\u00e9giment\u00a0<\/em>(August 21st, 2019)<\/li>\n<li>Puccini&#8217;s\u00a0<em>La fanciulla del West\u00a0<\/em>(August 30, 2019)<\/li>\n<li>A Gershwin Classic:\u00a0<em>Funny Face\u00a0<\/em>(August 23rd, 2019)<\/li>\n<li>Rossini&#8217;s\u00a0<em>Il barbiere di Siviglia\u00a0<\/em>(August 28th, 2018)<\/li>\n<li>Charles Gounod&#8217;s\u00a0<em>Rom\u00e9o et Juliette\u00a0<\/em>(August 25th, 2018)<\/li>\n<li>The Marx Brothers\u00a0<em>A Night at the Opera\u00a0<\/em>(August 24th, 2018)<\/li>\n<li>Giacomo Puccini&#8217;s\u00a0<em>Manon Lescaut\u00a0<\/em>(August 29th, 2017)<\/li>\n<li>Ingmar Bergman&#8217;s Film Adaptation of Mozart&#8217;s <em>The Magic Flute\u00a0<\/em>(August 25th, 2017)<\/li>\n<li>Giuseppe Verdi\u2019s\u00a0<em>Il trovatore\u00a0<\/em>(August 2016)<\/li>\n<li>Separating Fact from Fiction: <em>Amadeus\u00a0<\/em>(August 2016)<\/li>\n<li>W.A. Mozart\u2019s\u00a0<em>Don Giovanni\u00a0<\/em>(September 6th, 2015)<\/li>\n<li>\u00a0Tchaikovsky\u2019s <em>Iolanta\u00a0<\/em>and\u00a0Bart\u00f3k\u2019s\u00a0<em>Bluebeard\u2019s Castle\u00a0<\/em>(September 1st, 2015)<\/li>\n<li>Pyotr Ilyich\u00a0Tchaikovsky\u2019s\u00a0<em>Eugene Onegin\u00a0<\/em>(September 1st, 2014)<\/li>\n<li>Anton\u00edn Dvo\u0159\u00e1k\u2019s\u00a0<em>Rusalka\u00a0<\/em>(August 28th, 2014)<\/li>\n<li>Giuseppe Verdi\u2019s\u00a0<em>Aida\u00a0<\/em>(September 3rd, 2013)<\/li>\n<li>Giuseppe Verdi\u2019s\u00a0<em>Otello<\/em>\u00a0(August 27, 2013)<\/li>\n<li>Thomas Ad\u00e8s\u2019s\u00a0<em>The Tempest\u00a0<\/em>(August 26, 2013)<\/li>\n<li>Richard Strauss\u2019s\u00a0<em>Salome\u00a0<\/em>(August 29, 2012)<\/li>\n<li>Vincenzo Bellini\u2019s\u00a0<em>La Sonnambula\u00a0<\/em>(August 27, 2012)<\/li>\n<li>Gaetano Donizetti\u2019s\u00a0<em>Lucia di Lammermoor\u00a0<\/em>(August 4, 2011)<\/li>\n<li>Modest Mussorgsky\u2019s\u00a0<em>Boris Godunov<\/em>\u00a0(August 3, 2011)<\/li>\n<\/ul>\n<p>&nbsp;<\/p>\n<h2><strong>Pre-Performance Podcast Episodes<\/strong><\/h2>\n<p><a href=\"https:\/\/soundcloud.com\/met-opera-guild\">The Metropolitan Opera Guild Podcast<strong>\u00a0\u00a0<\/strong><\/a><\/p>\n<ul>\n<li><a href=\"https:\/\/soundcloud.com\/met-opera-guild\/episode139?in=met-opera-guild\/sets\/lecturer-naomi-barrettara\">Episode 139<\/a>: Massenet&#8217;s\u00a0<em>Manon\u00a0<\/em><\/li>\n<li><a href=\"https:\/\/soundcloud.com\/met-opera-guild\/episode127?in=met-opera-guild\/sets\/lecturer-naomi-barrettara\">Episode 127<\/a>: Mozart&#8217;s\u00a0<em>La Clemenza di Tito<\/em><\/li>\n<li><a href=\"https:\/\/soundcloud.com\/met-opera-guild\/episode117?in=met-opera-guild\/sets\/lecturer-naomi-barrettara\">Episode 117<\/a>: Puccini&#8217;s\u00a0<em>Il trittico<\/em><\/li>\n<li><a href=\"https:\/\/soundcloud.com\/met-opera-guild\/episode98\">Episode 98<\/a>: Donizetti&#8217;s <em>Lucia di Lammermoor\u00a0<\/em><\/li>\n<li><a href=\"https:\/\/soundcloud.com\/met-opera-guild\/episode93\">Episode 93<\/a>: Puccini&#8217;s\u00a0<em>La boh\u00e8me<\/em><\/li>\n<li><a href=\"https:\/\/soundcloud.com\/met-opera-guild\/episode88\">Episode 88<\/a>: Humperdinck&#8217;s <em>Hansel and Gretel<\/em><\/li>\n<li><a href=\"https:\/\/soundcloud.com\/met-opera-guild\/episode94\">Episode 84<\/a>: Puccini&#8217;s <em>Madama Butterfly<\/em><\/li>\n<li><a href=\"https:\/\/soundcloud.com\/met-opera-guild\/episode69?in=met-opera-guild\/sets\/lecturer-naomi-barrettara\">Episode 69<\/a>: Mahler&#8217;s Symphony No. 1 &amp; <em>Des Knaben Wunderhorn<\/em><\/li>\n<li><a href=\"https:\/\/soundcloud.com\/met-opera-guild\/episode63?in=met-opera-guild\/sets\/lecturer-naomi-barrettara\">Episode 63<\/a>: Mozart&#8217;s\u00a0<em>Idomeneo<\/em><\/li>\n<li><a href=\"https:\/\/soundcloud.com\/met-opera-guild\/episode59\">Episode 59<\/a>: Love and Longing in <em>Rusalka<\/em><\/li>\n<li><a href=\"https:\/\/soundcloud.com\/met-opera-guild\/episode55?in=met-opera-guild\/sets\/lecturer-naomi-barrettara\">Episode 55<\/a>: Salome by Richard Strauss<\/li>\n<li><a href=\"https:\/\/soundcloud.com\/met-opera-guild\/episode54\">Episode 54<\/a>: Of Troubadours, Knights,\u00a0and Courtly Love:\u00a0<em>L&#8217;Amour de Loin<\/em><\/li>\n<li><a href=\"https:\/\/soundcloud.com\/met-opera-guild\/episode9?in=met-opera-guild\/sets\/lecturer-naomi-barrettara\">Episode 9<\/a>: Mozart&#8217;s <em>The Magic Flute<\/em><\/li>\n<li><a href=\"https:\/\/soundcloud.com\/met-opera-guild\/ep-1-otello-pre-performance-lecture\">Episode 1<\/a>: Verdi&#8217;s <em>Otello<\/em><\/li>\n<\/ul>\n<p>[\/vc_column_text][\/vc_column][vc_column width=&#8221;1\/3&#8243;][vc_widget_sidebar sidebar_id=&#8221;otw-sidebar-1&#8243;][\/vc_column][\/vc_row]<\/p>\n ","protected":false},"excerpt":{"rendered":"<p>[vc_row gap=&#8221;35&#8243; iron_row_type=&#8221;in_container&#8221; iron_remove_padding_medium=&#8221;&#8221; iron_remove_padding_small=&#8221;&#8221; iron_overlay_pattern=&#8221;&#8221; iron_parallax=&#8221;&#8221; iron_bg_video=&#8221;&#8221;][vc_column width=&#8221;2\/3&#8243;][vc_column_text] Pre-Show Lecture: Ariadne auf Naxos\u00a0by Richard Strauss Arizona Opera, Phoenix, AZ, USA Was to be presented as part of Arizona Opera&#8217;s community programming at the Kerr Cultural Center (March 25th, 2020 &#8211; Cancelled due to COVID-19) Was to be presented as part of Arizona Opera&#8217;s community programming at Sagewood Senior Living Community\u00a0(March 25th, 2020 &#8211; Cancelled due to COVID-19) Was to be presented as part of Arizona Opera&#8217;s pre-performance programming (April [&hellip;]<\/p>\n","protected":false},"author":1,"featured_media":0,"parent":0,"menu_order":0,"comment_status":"closed","ping_status":"closed","template":"","meta":[],"_links":{"self":[{"href":"https:\/\/nbwrites.com\/index.php?rest_route=\/wp\/v2\/pages\/1168"}],"collection":[{"href":"https:\/\/nbwrites.com\/index.php?rest_route=\/wp\/v2\/pages"}],"about":[{"href":"https:\/\/nbwrites.com\/index.php?rest_route=\/wp\/v2\/types\/page"}],"author":[{"embeddable":true,"href":"https:\/\/nbwrites.com\/index.php?rest_route=\/wp\/v2\/users\/1"}],"replies":[{"embeddable":true,"href":"https:\/\/nbwrites.com\/index.php?rest_route=%2Fwp%2Fv2%2Fcomments&post=1168"}],"version-history":[{"count":23,"href":"https:\/\/nbwrites.com\/index.php?rest_route=\/wp\/v2\/pages\/1168\/revisions"}],"predecessor-version":[{"id":1842,"href":"https:\/\/nbwrites.com\/index.php?rest_route=\/wp\/v2\/pages\/1168\/revisions\/1842"}],"wp:attachment":[{"href":"https:\/\/nbwrites.com\/index.php?rest_route=%2Fwp%2Fv2%2Fmedia&parent=1168"}],"curies":[{"name":"wp","href":"https:\/\/api.w.org\/{rel}","templated":true}]}}